{"id":794,"date":"2019-11-19T20:50:56","date_gmt":"2019-11-19T19:50:56","guid":{"rendered":"https:\/\/casaarte-lagos.com\/site\/?page_id=794"},"modified":"2021-08-05T12:17:18","modified_gmt":"2021-08-05T10:17:18","slug":"legal","status":"publish","type":"page","link":"https:\/\/casaarte-lagos.com\/site\/legal\/","title":{"rendered":"INFORMATIONS LEGALES"},"content":{"rendered":"<p>[vc_row type=&#8221;vc_default&#8221; full_width=&#8221;stretch_row_content_no_spaces&#8221; css=&#8221;.vc_custom_1570907879570{background-color: #ffffff !important;}&#8221;][vc_column css=&#8221;.vc_custom_1570907887148{padding-top: 100px !important;padding-right: 40px !important;padding-left: 40px !important;background-color: #ffffff !important;}&#8221;]<div id=\"ultimate-heading-504169dc107ea2bfa\" class=\"uvc-heading ult-adjust-bottom-margin ultimate-heading-504169dc107ea2bfa uvc-1691 \" data-hspacer=\"line_only\"  data-halign=\"center\" style=\"text-align:center\"><div class=\"uvc-sub-heading ult-responsive\"  data-ultimate-target='.uvc-heading.ultimate-heading-504169dc107ea2bfa .uvc-sub-heading '  data-responsive-json-new='{\"font-size\":\"desktop:30px;\",\"line-height\":\"\"}'  style=\"font-family:'Montserrat';font-weight:200;color:#212121;\"><\/p>\n<p style=\"text-align: center;\">LEGAL NOTICE<\/p>\n<p><\/div><div class=\"uvc-heading-spacer line_only\" style=\"margin-top:50px;margin-bottom:20px;height:3px;\"><span class=\"uvc-headings-line\" style=\"border-style:solid;border-bottom-width:3px;border-color:#1e73be;width:50px;\"><\/span><\/div><\/div>[vc_row_inner css=&#8221;.vc_custom_1570907926350{padding-right: 40px !important;padding-left: 40px !important;background-color: #ffffff !important;}&#8221;][vc_column_inner width=&#8221;1\/4&#8243;][\/vc_column_inner][vc_column_inner width=&#8221;1\/2&#8243; css=&#8221;.vc_custom_1570907913765{background-color: #ffffff !important;}&#8221;][vc_column_text]The website accessible at the URL <a href=\"http:\/\/www.casaarte-lagos.com\">www.casaarte-lagos.com<\/a> (hereinafter &#8220;the Site&#8221;) is published by MULDER GALLERY &amp; ROOMS, a Portuguese limited company of the LDA type, with a share capital of \u20ac5,000, registered in the Lagos Trade and Companies Register under number 509 301 533, having its registered office at Estrada do Col\u00e9gio, Bensafrim 8600-073 Lagos, Portugal, whose VAT identification number is PT 509 301 533. Turismo de Portugal : N\u00famero de Registo Nacional de Empreendimentos Tur\u00edsticos \u00a0(RNET) 4831. <a href=\"https:\/\/www.livroreclamacoes.pt\/inicio\">Livro de reclama\u00e7\u00e0\u00f5es.<\/a><\/p>\n<p>&nbsp;<\/p>\n<p><strong>THE PUBLISHER<\/strong><br \/>\nThe director of the publication of the Site is Charlotte BARONE, manager of the company whose email address is <a href=\"mailto:charlotte@casaarte-lagos.com\">charlotte@casaarte-lagos.com<\/a>.<\/p>\n<p>&nbsp;<\/p>\n<p><strong>THE HOST<\/strong><br \/>\nThe Site is hosted by OVH SAS, a subsidiary of OVH Groupe SAS, a company registered with the Lille Trade and Companies Register under number 537 407 926 and located at 2, rue Kellermann, 59100 Roubaix.<\/p>\n<p>&nbsp;<\/p>\n<p><strong>DESCRIPTION OF THE SITE<\/strong><br \/>\nThe purpose of the Site is to :<\/p>\n<ul>\n<li>To present CASA ARTE, a villa offered for seasonal rental by the company MULDER GALLERY &amp; ROOMS.<\/li>\n<li>To allow interested users to ask to be contacted in order to obtain more information on the property with the aim of reserving it.<\/li>\n<\/ul>\n<p>&nbsp;<\/p>\n<p><strong>ACCESS TO THE SITE<\/strong><br \/>\nThe site is accessible from any place, 7 days a week, 24 hours a day, except in case of force majeure, scheduled or unscheduled interruption and which may result from a need for maintenance. In case of modification, interruption or suspension of services, the site www.casaarte-lagos.com cannot be held responsible.<\/p>\n<p>MULDER GALLERY &amp; ROOMS does not guarantee the continuity or performance of the Site.<\/p>\n<p>Each user is responsible for his computer equipment, data and software as well as for the network connection allowing him to access the Site.<\/p>\n<p>MULDER GALLERY &amp; ROOMS does not guarantee that the Website is free of bugs or other malfunctions, as a programming error or technical incident is always possible.<\/p>\n<p>&nbsp;<\/p>\n<p><strong>DATA COLLECTION<\/strong><br \/>\nWhen you use the Site, MULDER GALLERY &amp; ROOMS may collect personal data about you.<\/p>\n<p>&nbsp;<\/p>\n<p><strong>COOKIES<\/strong><br \/>\nWe use cookies. By accessing casaarte-lagos.com, you have agreed to the use of cookies in accordance with Casa Arte&#8217;s privacy policy.<\/p>\n<p>Most interactive websites use cookies to enable us to retrieve user details on each visit. Cookies are used by our website to enable the functionality of certain areas to make it easier for people to visit our website. Some of our affiliates \/ advertising partners may also use cookies.<\/p>\n<p>&nbsp;<\/p>\n<p><strong>INTELLECTUAL PROPERTY<\/strong><br \/>\nAll content (photos, text, video, sound, etc.) that can be consulted on the Website are and remain the exclusive property of MULDER GALLERY &amp; ROOMS, which holds all related intellectual property rights.<\/p>\n<p>Any use, reproduction, distribution, marketing, modification of all or part of the site www.casaarte-lagos.com, without the authorisation of MULDER GALLERY &amp; ROOMS is prohibited and may lead to legal actions and proceedings as provided for by the Intellectual Property Code and the Civil Code.<\/p>\n<p>&nbsp;<\/p>\n<p>For more information, please refer to the <a href=\"https:\/\/casaarte-lagos.com\/site\/booking\/\">Reservations &amp; Conditions<\/a> section of the Site.<\/p>\n<p>&nbsp;<\/p>\n<p>The services offered on the Site are provided &#8220;as is&#8221; and are governed by these General Conditions of Use. By accessing this website, we assume that you accept these terms and conditions. Do not continue to use casaarte-lagos.com if you do not agree to all the terms and conditions stated on this page.[\/vc_column_text][\/vc_column_inner][vc_column_inner width=&#8221;1\/4&#8243;][\/vc_column_inner][\/vc_row_inner][\/vc_column][\/vc_row]<\/p>\n","protected":false},"excerpt":{"rendered":"<p>[vc_row type=&#8221;vc_default&#8221; full_width=&#8221;stretch_row_content_no_spaces&#8221; css=&#8221;.vc_custom_1570907879570{background-color: #ffffff !important;}&#8221;][vc_column css=&#8221;.vc_custom_1570907887148{padding-top: 100px !important;padding-right: 40px !important;padding-left: 40px !important;background-color: #ffffff !important;}&#8221;][vc_row_inner css=&#8221;.vc_custom_1570907926350{padding-right: 40px !important;padding-left: 40px !important;background-color: #ffffff !important;}&#8221;][vc_column_inner width=&#8221;1\/4&#8243;][\/vc_column_inner][vc_column_inner width=&#8221;1\/2&#8243; css=&#8221;.vc_custom_1570907913765{background-color: #ffffff !important;}&#8221;][vc_column_text]The website accessible at the URL www.casaarte-lagos.com (hereinafter &#8220;the Site&#8221;) is published by MULDER GALLERY &amp; ROOMS, a Portuguese limited company of the LDA type, with a share capital&hellip;<\/p>\n","protected":false},"author":1,"featured_media":0,"parent":0,"menu_order":0,"comment_status":"closed","ping_status":"closed","template":"","meta":[],"class_list":["post-794","page","type-page","status-publish","hentry","description-off"],"yoast_head":"<!-- This site is optimized with the Yoast SEO plugin v19.1 - https:\/\/yoast.com\/wordpress\/plugins\/seo\/ -->\n<title>INFORMATIONS LEGALES - CASA ARTE LAGOS<\/title>\n<meta name=\"robots\" content=\"index, follow, max-snippet:-1, max-image-preview:large, max-video-preview:-1\" \/>\n<link rel=\"canonical\" href=\"https:\/\/casaarte-lagos.com\/site\/legal\/\" \/>\n<meta property=\"og:locale\" content=\"en_US\" \/>\n<meta property=\"og:type\" content=\"article\" \/>\n<meta property=\"og:title\" content=\"INFORMATIONS LEGALES - CASA ARTE LAGOS\" \/>\n<meta property=\"og:description\" content=\"[vc_row type=&#8221;vc_default&#8221; full_width=&#8221;stretch_row_content_no_spaces&#8221; css=&#8221;.vc_custom_1570907879570{background-color: #ffffff !important;}&#8221;][vc_column css=&#8221;.vc_custom_1570907887148{padding-top: 100px !important;padding-right: 40px !important;padding-left: 40px !important;background-color: #ffffff !important;}&#8221;][vc_row_inner css=&#8221;.vc_custom_1570907926350{padding-right: 40px !important;padding-left: 40px !important;background-color: #ffffff !important;}&#8221;][vc_column_inner width=&#8221;1\/4&#8243;][\/vc_column_inner][vc_column_inner width=&#8221;1\/2&#8243; css=&#8221;.vc_custom_1570907913765{background-color: #ffffff !important;}&#8221;][vc_column_text]The website accessible at the URL www.casaarte-lagos.com (hereinafter &#8220;the Site&#8221;) is published by MULDER GALLERY &amp; ROOMS, a Portuguese limited company of the LDA type, with a share capital&hellip;\" \/>\n<meta property=\"og:url\" content=\"https:\/\/casaarte-lagos.com\/site\/legal\/\" \/>\n<meta property=\"og:site_name\" content=\"CASA ARTE LAGOS\" \/>\n<meta property=\"article:modified_time\" content=\"2021-08-05T10:17:18+00:00\" \/>\n<meta name=\"twitter:card\" content=\"summary_large_image\" \/>\n<meta name=\"twitter:label1\" content=\"Est. reading time\" \/>\n\t<meta name=\"twitter:data1\" content=\"4 minutes\" \/>\n<script type=\"application\/ld+json\" class=\"yoast-schema-graph\">{\"@context\":\"https:\/\/schema.org\",\"@graph\":[{\"@type\":\"WebSite\",\"@id\":\"https:\/\/casaarte-lagos.com\/site\/#website\",\"url\":\"https:\/\/casaarte-lagos.com\/site\/\",\"name\":\"CASA ARTE LAGOS\",\"description\":\"CASA ARTE - stunning villa for sunny holidays\",\"potentialAction\":[{\"@type\":\"SearchAction\",\"target\":{\"@type\":\"EntryPoint\",\"urlTemplate\":\"https:\/\/casaarte-lagos.com\/site\/?s={search_term_string}\"},\"query-input\":\"required name=search_term_string\"}],\"inLanguage\":\"en-US\"},{\"@type\":\"WebPage\",\"@id\":\"https:\/\/casaarte-lagos.com\/site\/legal\/#webpage\",\"url\":\"https:\/\/casaarte-lagos.com\/site\/legal\/\",\"name\":\"INFORMATIONS LEGALES - CASA ARTE LAGOS\",\"isPartOf\":{\"@id\":\"https:\/\/casaarte-lagos.com\/site\/#website\"},\"datePublished\":\"2019-11-19T19:50:56+00:00\",\"dateModified\":\"2021-08-05T10:17:18+00:00\",\"breadcrumb\":{\"@id\":\"https:\/\/casaarte-lagos.com\/site\/legal\/#breadcrumb\"},\"inLanguage\":\"en-US\",\"potentialAction\":[{\"@type\":\"ReadAction\",\"target\":[\"https:\/\/casaarte-lagos.com\/site\/legal\/\"]}]},{\"@type\":\"BreadcrumbList\",\"@id\":\"https:\/\/casaarte-lagos.com\/site\/legal\/#breadcrumb\",\"itemListElement\":[{\"@type\":\"ListItem\",\"position\":1,\"name\":\"Accueil\",\"item\":\"https:\/\/casaarte-lagos.com\/site\/\"},{\"@type\":\"ListItem\",\"position\":2,\"name\":\"INFORMATIONS LEGALES\"}]}]}<\/script>\n<!-- \/ Yoast SEO plugin. -->","yoast_head_json":{"title":"INFORMATIONS LEGALES - CASA ARTE LAGOS","robots":{"index":"index","follow":"follow","max-snippet":"max-snippet:-1","max-image-preview":"max-image-preview:large","max-video-preview":"max-video-preview:-1"},"canonical":"https:\/\/casaarte-lagos.com\/site\/legal\/","og_locale":"en_US","og_type":"article","og_title":"INFORMATIONS LEGALES - CASA ARTE LAGOS","og_description":"[vc_row type=&#8221;vc_default&#8221; full_width=&#8221;stretch_row_content_no_spaces&#8221; css=&#8221;.vc_custom_1570907879570{background-color: #ffffff !important;}&#8221;][vc_column css=&#8221;.vc_custom_1570907887148{padding-top: 100px !important;padding-right: 40px !important;padding-left: 40px !important;background-color: #ffffff !important;}&#8221;][vc_row_inner css=&#8221;.vc_custom_1570907926350{padding-right: 40px !important;padding-left: 40px !important;background-color: #ffffff !important;}&#8221;][vc_column_inner width=&#8221;1\/4&#8243;][\/vc_column_inner][vc_column_inner width=&#8221;1\/2&#8243; css=&#8221;.vc_custom_1570907913765{background-color: #ffffff !important;}&#8221;][vc_column_text]The website accessible at the URL www.casaarte-lagos.com (hereinafter &#8220;the Site&#8221;) is published by MULDER GALLERY &amp; ROOMS, a Portuguese limited company of the LDA type, with a share capital&hellip;","og_url":"https:\/\/casaarte-lagos.com\/site\/legal\/","og_site_name":"CASA ARTE LAGOS","article_modified_time":"2021-08-05T10:17:18+00:00","twitter_card":"summary_large_image","twitter_misc":{"Est. reading time":"4 minutes"},"schema":{"@context":"https:\/\/schema.org","@graph":[{"@type":"WebSite","@id":"https:\/\/casaarte-lagos.com\/site\/#website","url":"https:\/\/casaarte-lagos.com\/site\/","name":"CASA ARTE LAGOS","description":"CASA ARTE - stunning villa for sunny holidays","potentialAction":[{"@type":"SearchAction","target":{"@type":"EntryPoint","urlTemplate":"https:\/\/casaarte-lagos.com\/site\/?s={search_term_string}"},"query-input":"required name=search_term_string"}],"inLanguage":"en-US"},{"@type":"WebPage","@id":"https:\/\/casaarte-lagos.com\/site\/legal\/#webpage","url":"https:\/\/casaarte-lagos.com\/site\/legal\/","name":"INFORMATIONS LEGALES - CASA ARTE LAGOS","isPartOf":{"@id":"https:\/\/casaarte-lagos.com\/site\/#website"},"datePublished":"2019-11-19T19:50:56+00:00","dateModified":"2021-08-05T10:17:18+00:00","breadcrumb":{"@id":"https:\/\/casaarte-lagos.com\/site\/legal\/#breadcrumb"},"inLanguage":"en-US","potentialAction":[{"@type":"ReadAction","target":["https:\/\/casaarte-lagos.com\/site\/legal\/"]}]},{"@type":"BreadcrumbList","@id":"https:\/\/casaarte-lagos.com\/site\/legal\/#breadcrumb","itemListElement":[{"@type":"ListItem","position":1,"name":"Accueil","item":"https:\/\/casaarte-lagos.com\/site\/"},{"@type":"ListItem","position":2,"name":"INFORMATIONS LEGALES"}]}]}},"_links":{"self":[{"href":"https:\/\/casaarte-lagos.com\/site\/wp-json\/wp\/v2\/pages\/794","targetHints":{"allow":["GET"]}}],"collection":[{"href":"https:\/\/casaarte-lagos.com\/site\/wp-json\/wp\/v2\/pages"}],"about":[{"href":"https:\/\/casaarte-lagos.com\/site\/wp-json\/wp\/v2\/types\/page"}],"author":[{"embeddable":true,"href":"https:\/\/casaarte-lagos.com\/site\/wp-json\/wp\/v2\/users\/1"}],"replies":[{"embeddable":true,"href":"https:\/\/casaarte-lagos.com\/site\/wp-json\/wp\/v2\/comments?post=794"}],"version-history":[{"count":8,"href":"https:\/\/casaarte-lagos.com\/site\/wp-json\/wp\/v2\/pages\/794\/revisions"}],"predecessor-version":[{"id":1488,"href":"https:\/\/casaarte-lagos.com\/site\/wp-json\/wp\/v2\/pages\/794\/revisions\/1488"}],"wp:attachment":[{"href":"https:\/\/casaarte-lagos.com\/site\/wp-json\/wp\/v2\/media?parent=794"}],"curies":[{"name":"wp","href":"https:\/\/api.w.org\/{rel}","templated":true}]}}