{"id":1345,"date":"2019-11-19T20:50:56","date_gmt":"2019-11-19T19:50:56","guid":{"rendered":"https:\/\/casaarte-lagos.com\/site\/legal\/"},"modified":"2021-08-05T12:17:40","modified_gmt":"2021-08-05T10:17:40","slug":"legal","status":"publish","type":"page","link":"https:\/\/casaarte-lagos.com\/site\/legal\/?lang=fr","title":{"rendered":"INFORMATIONS LEGALES"},"content":{"rendered":"<p>[vc_row type=&#8221;vc_default&#8221; full_width=&#8221;stretch_row_content_no_spaces&#8221; css=&#8221;.vc_custom_1570907879570{background-color: #ffffff !important;}&#8221;][vc_column css=&#8221;.vc_custom_1570907887148{padding-top: 100px !important;padding-right: 40px !important;padding-left: 40px !important;background-color: #ffffff !important;}&#8221;]<div id=\"ultimate-heading-88646a0463ba338c9\" class=\"uvc-heading ult-adjust-bottom-margin ultimate-heading-88646a0463ba338c9 uvc-2875 \" data-hspacer=\"line_only\"  data-halign=\"center\" style=\"text-align:center\"><div class=\"uvc-sub-heading ult-responsive\"  data-ultimate-target='.uvc-heading.ultimate-heading-88646a0463ba338c9 .uvc-sub-heading '  data-responsive-json-new='{\"font-size\":\"desktop:30px;\",\"line-height\":\"\"}'  style=\"font-family:'Montserrat';font-weight:200;color:#212121;\"><\/p>\n<p style=\"text-align: center;\">MENTIONS LEGALES<\/p>\n<p><\/div><div class=\"uvc-heading-spacer line_only\" style=\"margin-top:50px;margin-bottom:20px;height:3px;\"><span class=\"uvc-headings-line\" style=\"border-style:solid;border-bottom-width:3px;border-color:#1e73be;width:50px;\"><\/span><\/div><\/div>[vc_row_inner css=&#8221;.vc_custom_1570907926350{padding-right: 40px !important;padding-left: 40px !important;background-color: #ffffff !important;}&#8221;][vc_column_inner width=&#8221;1\/4&#8243;][\/vc_column_inner][vc_column_inner width=&#8221;1\/2&#8243; css=&#8221;.vc_custom_1570907913765{background-color: #ffffff !important;}&#8221;][vc_column_text]Le site internet accessible \u00e0 l&#8217;URL <a href=\"http:\/\/www.casaarte-lagos.com\/\">www.casaarte-lagos.com<\/a> (ci-apr\u00e8s \u00ab le Site \u00bb) est \u00e9dit\u00e9 par la soci\u00e9t\u00e9 MULDER GALLERY &amp; ROOMS, soci\u00e9t\u00e9 anonyme portugaise de type LDA, au capital social de 5 000\u20ac, immatricul\u00e9e au registre du commerce et des soci\u00e9t\u00e9s de Lagos sous le num\u00e9ro 509 301 533, ayant son si\u00e8ge social situ\u00e9 au Portugal, Estrada do Col\u00e9gio, Bensafrim 8600-073 Lagos, dont le num\u00e9ro d&#8217;identification \u00e0 la TVA est le PT 509 301 533. Turismo de Portugal : N\u00famero de Registo Nacional de Empreendimentos Tur\u00edsticos \u00a0(RNET) 4831. <a href=\"https:\/\/www.livroreclamacoes.pt\/inicio\">Livro de reclama\u00e7\u00e0\u00f5es.<\/a><\/p>\n<p>&nbsp;<\/p>\n<p><strong>L&#8217;EDITEUR<\/strong><br \/>\nLe directeur de la publication du Site est Charlotte BARONE, g\u00e9rante de la soci\u00e9t\u00e9 dont l&#8217;adresse email est <a href=\"mailto:charlotte@casaarte-lagos.com\">charlotte@casaarte-lagos.com<\/a>.<\/p>\n<p>&nbsp;<\/p>\n<p><strong>L&#8217;HEBERGEUR<\/strong><br \/>\nLe Site est h\u00e9berg\u00e9 par la soci\u00e9t\u00e9 OVH SAS, filiale de la soci\u00e9t\u00e9 OVH Groupe SAS, soci\u00e9t\u00e9 immatricul\u00e9e au RCS de Lille sous le num\u00e9ro 537 407 926 sise 2, rue Kellermann, 59100 Roubaix.<\/p>\n<p>&nbsp;<\/p>\n<p><strong>DESCRIPTION DU SITE<br \/>\n<\/strong>L&#8217;objectif du Site est de :<\/p>\n<ul>\n<li>Pr\u00e9senter CASA ARTE, une villa propos\u00e9e \u00e0 la location saisonni\u00e8re par la soci\u00e9t\u00e9 MULDER GALLERY &amp; ROOMS.<\/li>\n<li>Permettre aux utilisateurs int\u00e9ress\u00e9s de demander \u00e0 \u00eatre recontact\u00e9s afin d&#8217;obtenir plus d&#8217;informations sur le bien dans le but de le r\u00e9server.<\/li>\n<\/ul>\n<p>&nbsp;<\/p>\n<p><strong>ACCES AU SITE<br \/>\n<\/strong>Le site est accessible par tout endroit, 7j\/7, 24h\/24 sauf cas de force majeure, interruption programm\u00e9e ou non et pouvant d\u00e9coulant d\u2019une n\u00e9cessit\u00e9 de maintenance.En cas de modification, interruption ou suspension des services le site www.casaarte-lagos.com ne saurait \u00eatre tenu responsable.<\/p>\n<p>MULDER GALLERY &amp; ROOMS \u00a0ne garantit pas la p\u00e9rennit\u00e9 ou les performances du Site.<\/p>\n<p>Chaque utilisateur est responsable de son mat\u00e9riel informatique, de ses donn\u00e9es et logiciels ainsi que de la connexion au r\u00e9seau lui permettant d&#8217;avoir acc\u00e8s au Site.<\/p>\n<p>MULDER GALLERY &amp; ROOMS \u00a0ne garantit pas que le Site est exempt de bugs ou autres malfa\u00e7ons, une erreur de programmation ou un incident technique \u00e9tant toujours possible.<\/p>\n<p>&nbsp;<\/p>\n<p><strong>COLLECTE DE DONNEES<\/strong><br \/>\nLorsque vous utilisez le Site, MULDER GALLERY &amp; ROOMS peut \u00eatre amen\u00e9e \u00e0 collecter des donn\u00e9es personnelles vous concernant.<\/p>\n<p>&nbsp;<\/p>\n<p><strong>COOKIES<\/strong><br \/>\nNous utilisons des cookies. En acc\u00e9dant \u00e0 casaarte-lagos.com, vous avez accept\u00e9 d\u2019utiliser des cookies en accord avec la politique de confidentialit\u00e9 de Casa Arte.<\/p>\n<p>La plupart des sites Web interactifs utilisent des cookies pour nous permettre de r\u00e9cup\u00e9rer les d\u00e9tails de l\u2019utilisateur \u00e0 chaque visite. Les cookies sont utilis\u00e9s par notre site Web pour activer la fonctionnalit\u00e9 de certaines zones afin de faciliter la visite des personnes visitant notre site Web. Certains de nos affili\u00e9s \/ partenaires publicitaires peuvent \u00e9galement utiliser des cookies.<\/p>\n<p>&nbsp;<\/p>\n<p><strong>PROPRIETE INTELLECTUELLE<\/strong><br \/>\nL&#8217;ensemble des contenus (photos, textes, vid\u00e9o, son, etc.) consultables sur le Site sont et demeurent la propri\u00e9t\u00e9 exclusive de MULDER GALLERY &amp; ROOMS qui est titulaire de l&#8217;int\u00e9gralit\u00e9 des droits de propri\u00e9t\u00e9 intellectuelle y aff\u00e9rents.<\/p>\n<p>Toute utilisation, reproduction, diffusion, commercialisation, modification de toute ou partie du site www.casaarte-lagos.com,\u00a0 sans autorisation de MULDER GALLERY &amp; ROOMS est prohib\u00e9e et pourra entra\u00een\u00e9e des actions et poursuites judiciaires telles que notamment pr\u00e9vues par le Code de la propri\u00e9t\u00e9 intellectuelle et le Code civil.<\/p>\n<p>&nbsp;<\/p>\n<p>Pour plus d\u2019informations, se reporter \u00e0 la rubrique <a href=\"https:\/\/casaarte-lagos.com\/site\/booking\/?lang=fr\">R\u00e9servations &amp; conditions<\/a> du Site.<\/p>\n<p>&nbsp;<\/p>\n<p>Les services offerts sur le Site sont fournis \u00ab en l&#8217;\u00e9tat \u00bb et sont r\u00e9gis par les pr\u00e9sentes Conditions G\u00e9n\u00e9rales d&#8217;Utilisation. En acc\u00e9dant \u00e0 ce site Web, nous supposons que vous acceptez ces termes et conditions. Ne continuez pas \u00e0 utiliser casaarte-lagos.com si vous n\u2019acceptez pas tous les termes et conditions \u00e9nonc\u00e9s sur cette page.[\/vc_column_text][\/vc_column_inner][vc_column_inner width=&#8221;1\/4&#8243;][\/vc_column_inner][\/vc_row_inner][\/vc_column][\/vc_row]<\/p>\n","protected":false},"excerpt":{"rendered":"<p>[vc_row type=&#8221;vc_default&#8221; full_width=&#8221;stretch_row_content_no_spaces&#8221; css=&#8221;.vc_custom_1570907879570{background-color: #ffffff !important;}&#8221;][vc_column css=&#8221;.vc_custom_1570907887148{padding-top: 100px !important;padding-right: 40px !important;padding-left: 40px !important;background-color: #ffffff !important;}&#8221;][vc_row_inner css=&#8221;.vc_custom_1570907926350{padding-right: 40px !important;padding-left: 40px !important;background-color: #ffffff !important;}&#8221;][vc_column_inner width=&#8221;1\/4&#8243;][\/vc_column_inner][vc_column_inner width=&#8221;1\/2&#8243; css=&#8221;.vc_custom_1570907913765{background-color: #ffffff !important;}&#8221;][vc_column_text]Le site internet accessible \u00e0 l&#8217;URL www.casaarte-lagos.com (ci-apr\u00e8s \u00ab le Site \u00bb) est \u00e9dit\u00e9 par la soci\u00e9t\u00e9 MULDER GALLERY &amp; ROOMS, soci\u00e9t\u00e9 anonyme portugaise de type LDA, au capital&hellip;<\/p>\n","protected":false},"author":1,"featured_media":0,"parent":0,"menu_order":0,"comment_status":"closed","ping_status":"closed","template":"","meta":[],"class_list":["post-1345","page","type-page","status-publish","hentry","description-off"],"yoast_head":"<!-- This site is optimized with the Yoast SEO plugin v19.1 - https:\/\/yoast.com\/wordpress\/plugins\/seo\/ -->\n<title>INFORMATIONS LEGALES - CASA ARTE LAGOS<\/title>\n<meta name=\"robots\" content=\"index, follow, max-snippet:-1, max-image-preview:large, max-video-preview:-1\" \/>\n<link rel=\"canonical\" href=\"https:\/\/casaarte-lagos.com\/site\/legal\/\" \/>\n<meta property=\"og:locale\" content=\"en_US\" \/>\n<meta property=\"og:type\" content=\"article\" \/>\n<meta property=\"og:title\" content=\"INFORMATIONS LEGALES - CASA ARTE LAGOS\" \/>\n<meta property=\"og:description\" content=\"[vc_row type=&#8221;vc_default&#8221; full_width=&#8221;stretch_row_content_no_spaces&#8221; css=&#8221;.vc_custom_1570907879570{background-color: #ffffff !important;}&#8221;][vc_column css=&#8221;.vc_custom_1570907887148{padding-top: 100px !important;padding-right: 40px !important;padding-left: 40px !important;background-color: #ffffff !important;}&#8221;][vc_row_inner css=&#8221;.vc_custom_1570907926350{padding-right: 40px !important;padding-left: 40px !important;background-color: #ffffff !important;}&#8221;][vc_column_inner width=&#8221;1\/4&#8243;][\/vc_column_inner][vc_column_inner width=&#8221;1\/2&#8243; css=&#8221;.vc_custom_1570907913765{background-color: #ffffff !important;}&#8221;][vc_column_text]Le site internet accessible \u00e0 l&#8217;URL www.casaarte-lagos.com (ci-apr\u00e8s \u00ab le Site \u00bb) est \u00e9dit\u00e9 par la soci\u00e9t\u00e9 MULDER GALLERY &amp; ROOMS, soci\u00e9t\u00e9 anonyme portugaise de type LDA, au capital&hellip;\" \/>\n<meta property=\"og:url\" content=\"https:\/\/casaarte-lagos.com\/site\/legal\/?lang=fr\" \/>\n<meta property=\"og:site_name\" content=\"CASA ARTE LAGOS\" \/>\n<meta property=\"article:modified_time\" content=\"2021-08-05T10:17:40+00:00\" \/>\n<meta name=\"twitter:card\" content=\"summary_large_image\" \/>\n<meta name=\"twitter:label1\" content=\"Est. reading time\" \/>\n\t<meta name=\"twitter:data1\" content=\"4 minutes\" \/>\n<script type=\"application\/ld+json\" class=\"yoast-schema-graph\">{\"@context\":\"https:\/\/schema.org\",\"@graph\":[{\"@type\":\"WebSite\",\"@id\":\"https:\/\/casaarte-lagos.com\/site\/#website\",\"url\":\"https:\/\/casaarte-lagos.com\/site\/\",\"name\":\"CASA ARTE LAGOS\",\"description\":\"CASA ARTE - stunning villa for sunny holidays\",\"potentialAction\":[{\"@type\":\"SearchAction\",\"target\":{\"@type\":\"EntryPoint\",\"urlTemplate\":\"https:\/\/casaarte-lagos.com\/site\/?s={search_term_string}\"},\"query-input\":\"required name=search_term_string\"}],\"inLanguage\":\"en-US\"},{\"@type\":\"WebPage\",\"@id\":\"https:\/\/casaarte-lagos.com\/site\/legal\/?lang=fr#webpage\",\"url\":\"https:\/\/casaarte-lagos.com\/site\/legal\/?lang=fr\",\"name\":\"INFORMATIONS LEGALES - CASA ARTE LAGOS\",\"isPartOf\":{\"@id\":\"https:\/\/casaarte-lagos.com\/site\/#website\"},\"datePublished\":\"2019-11-19T19:50:56+00:00\",\"dateModified\":\"2021-08-05T10:17:40+00:00\",\"breadcrumb\":{\"@id\":\"https:\/\/casaarte-lagos.com\/site\/legal\/?lang=fr#breadcrumb\"},\"inLanguage\":\"en-US\",\"potentialAction\":[{\"@type\":\"ReadAction\",\"target\":[\"https:\/\/casaarte-lagos.com\/site\/legal\/?lang=fr\"]}]},{\"@type\":\"BreadcrumbList\",\"@id\":\"https:\/\/casaarte-lagos.com\/site\/legal\/?lang=fr#breadcrumb\",\"itemListElement\":[{\"@type\":\"ListItem\",\"position\":1,\"name\":\"Accueil\",\"item\":\"https:\/\/casaarte-lagos.com\/site\/\"},{\"@type\":\"ListItem\",\"position\":2,\"name\":\"INFORMATIONS LEGALES\"}]}]}<\/script>\n<!-- \/ Yoast SEO plugin. -->","yoast_head_json":{"title":"INFORMATIONS LEGALES - CASA ARTE LAGOS","robots":{"index":"index","follow":"follow","max-snippet":"max-snippet:-1","max-image-preview":"max-image-preview:large","max-video-preview":"max-video-preview:-1"},"canonical":"https:\/\/casaarte-lagos.com\/site\/legal\/","og_locale":"en_US","og_type":"article","og_title":"INFORMATIONS LEGALES - CASA ARTE LAGOS","og_description":"[vc_row type=&#8221;vc_default&#8221; full_width=&#8221;stretch_row_content_no_spaces&#8221; css=&#8221;.vc_custom_1570907879570{background-color: #ffffff !important;}&#8221;][vc_column css=&#8221;.vc_custom_1570907887148{padding-top: 100px !important;padding-right: 40px !important;padding-left: 40px !important;background-color: #ffffff !important;}&#8221;][vc_row_inner css=&#8221;.vc_custom_1570907926350{padding-right: 40px !important;padding-left: 40px !important;background-color: #ffffff !important;}&#8221;][vc_column_inner width=&#8221;1\/4&#8243;][\/vc_column_inner][vc_column_inner width=&#8221;1\/2&#8243; css=&#8221;.vc_custom_1570907913765{background-color: #ffffff !important;}&#8221;][vc_column_text]Le site internet accessible \u00e0 l&#8217;URL www.casaarte-lagos.com (ci-apr\u00e8s \u00ab le Site \u00bb) est \u00e9dit\u00e9 par la soci\u00e9t\u00e9 MULDER GALLERY &amp; ROOMS, soci\u00e9t\u00e9 anonyme portugaise de type LDA, au capital&hellip;","og_url":"https:\/\/casaarte-lagos.com\/site\/legal\/?lang=fr","og_site_name":"CASA ARTE LAGOS","article_modified_time":"2021-08-05T10:17:40+00:00","twitter_card":"summary_large_image","twitter_misc":{"Est. reading time":"4 minutes"},"schema":{"@context":"https:\/\/schema.org","@graph":[{"@type":"WebSite","@id":"https:\/\/casaarte-lagos.com\/site\/#website","url":"https:\/\/casaarte-lagos.com\/site\/","name":"CASA ARTE LAGOS","description":"CASA ARTE - stunning villa for sunny holidays","potentialAction":[{"@type":"SearchAction","target":{"@type":"EntryPoint","urlTemplate":"https:\/\/casaarte-lagos.com\/site\/?s={search_term_string}"},"query-input":"required name=search_term_string"}],"inLanguage":"en-US"},{"@type":"WebPage","@id":"https:\/\/casaarte-lagos.com\/site\/legal\/?lang=fr#webpage","url":"https:\/\/casaarte-lagos.com\/site\/legal\/?lang=fr","name":"INFORMATIONS LEGALES - CASA ARTE LAGOS","isPartOf":{"@id":"https:\/\/casaarte-lagos.com\/site\/#website"},"datePublished":"2019-11-19T19:50:56+00:00","dateModified":"2021-08-05T10:17:40+00:00","breadcrumb":{"@id":"https:\/\/casaarte-lagos.com\/site\/legal\/?lang=fr#breadcrumb"},"inLanguage":"en-US","potentialAction":[{"@type":"ReadAction","target":["https:\/\/casaarte-lagos.com\/site\/legal\/?lang=fr"]}]},{"@type":"BreadcrumbList","@id":"https:\/\/casaarte-lagos.com\/site\/legal\/?lang=fr#breadcrumb","itemListElement":[{"@type":"ListItem","position":1,"name":"Accueil","item":"https:\/\/casaarte-lagos.com\/site\/"},{"@type":"ListItem","position":2,"name":"INFORMATIONS LEGALES"}]}]}},"_links":{"self":[{"href":"https:\/\/casaarte-lagos.com\/site\/wp-json\/wp\/v2\/pages\/1345","targetHints":{"allow":["GET"]}}],"collection":[{"href":"https:\/\/casaarte-lagos.com\/site\/wp-json\/wp\/v2\/pages"}],"about":[{"href":"https:\/\/casaarte-lagos.com\/site\/wp-json\/wp\/v2\/types\/page"}],"author":[{"embeddable":true,"href":"https:\/\/casaarte-lagos.com\/site\/wp-json\/wp\/v2\/users\/1"}],"replies":[{"embeddable":true,"href":"https:\/\/casaarte-lagos.com\/site\/wp-json\/wp\/v2\/comments?post=1345"}],"version-history":[{"count":9,"href":"https:\/\/casaarte-lagos.com\/site\/wp-json\/wp\/v2\/pages\/1345\/revisions"}],"predecessor-version":[{"id":1489,"href":"https:\/\/casaarte-lagos.com\/site\/wp-json\/wp\/v2\/pages\/1345\/revisions\/1489"}],"wp:attachment":[{"href":"https:\/\/casaarte-lagos.com\/site\/wp-json\/wp\/v2\/media?parent=1345"}],"curies":[{"name":"wp","href":"https:\/\/api.w.org\/{rel}","templated":true}]}}