{"id":1199,"date":"2019-11-06T15:22:49","date_gmt":"2019-11-06T14:22:49","guid":{"rendered":"https:\/\/casaarte-lagos.com\/site\/amenities-casa-arte-lagos\/"},"modified":"2023-10-11T08:24:04","modified_gmt":"2023-10-11T06:24:04","slug":"amenities-casa-arte-lagos","status":"publish","type":"page","link":"https:\/\/casaarte-lagos.com\/site\/amenities-casa-arte-lagos\/?lang=fr","title":{"rendered":"EQUIPEMENTS"},"content":{"rendered":"<p>[vc_row type=&#8221;vc_default&#8221; full_width=&#8221;stretch_row_content_no_spaces&#8221; css=&#8221;.vc_custom_1570907879570{background-color: #ffffff !important;}&#8221;][vc_column css=&#8221;.vc_custom_1570907887148{padding-top: 100px !important;padding-right: 40px !important;padding-left: 40px !important;background-color: #ffffff !important;}&#8221;]<div id=\"ultimate-heading-253569ed2e5cb5802\" class=\"uvc-heading ult-adjust-bottom-margin ultimate-heading-253569ed2e5cb5802 uvc-2195 \" data-hspacer=\"line_only\"  data-halign=\"center\" style=\"text-align:center\"><div class=\"uvc-sub-heading ult-responsive\"  data-ultimate-target='.uvc-heading.ultimate-heading-253569ed2e5cb5802 .uvc-sub-heading '  data-responsive-json-new='{\"font-size\":\"desktop:30px;\",\"line-height\":\"\"}'  style=\"font-family:'Montserrat';font-weight:200;color:#212121;\"><\/p>\n<p style=\"text-align: center;\">EQUIPEMENTS<\/p>\n<p><\/div><div class=\"uvc-heading-spacer line_only\" style=\"margin-top:50px;margin-bottom:20px;height:3px;\"><span class=\"uvc-headings-line\" style=\"border-style:solid;border-bottom-width:3px;border-color:#1e73be;width:50px;\"><\/span><\/div><\/div>[vc_row_inner css=&#8221;.vc_custom_1570907926350{padding-right: 40px !important;padding-left: 40px !important;background-color: #ffffff !important;}&#8221;][vc_column_inner width=&#8221;1\/6&#8243;][\/vc_column_inner][vc_column_inner width=&#8221;2\/3&#8243; css=&#8221;.vc_custom_1570907913765{background-color: #ffffff !important;}&#8221;][vc_column_text]<\/p>\n<p style=\"text-align: center;\">La superficie de la villa est de 352 m\u00b2. Elle se trouve cach\u00e9e en pleine nature, dans un naturel parc de 2 hectares prot\u00e9g\u00e9 et arbor\u00e9 d\u2019essences m\u00e9diterran\u00e9ennes.<\/p>\n<p>[\/vc_column_text][\/vc_column_inner][vc_column_inner width=&#8221;1\/6&#8243;][\/vc_column_inner][\/vc_row_inner][vc_empty_space][\/vc_column][\/vc_row][vc_row][vc_column][\/vc_column][\/vc_row][vc_row][vc_column width=&#8221;1\/6&#8243;][\/vc_column][vc_column width=&#8221;2\/3&#8243;][vc_single_image image=&#8221;650&#8243; img_size=&#8221;full&#8221; alignment=&#8221;center&#8221;][vc_accordion active_tab=&#8221;0&#8243; title_size=&#8221;normal&#8221; style=&#8221;2&#8243;][vc_accordion_tab title=&#8221;DANS LA VILLA :&#8221;][vc_column_text]<\/p>\n<ul>\n<li>Chauffage au sol<\/li>\n<li>Wifi<\/li>\n<li>Syst\u00e8me audio SONOS int\u00e9gr\u00e9<\/li>\n<li>Chemin\u00e9e \u00e0 bois<\/li>\n<li>Lave linge et s\u00e8che linge<\/li>\n<li>Fer et planche \u00e0 repasser<\/li>\n<li>Table repas pour 12 personnes sous une pergola<\/li>\n<li>\u00c9quipements enfants: une chaise haute, un lit b\u00e9b\u00e9, un lit enfant<\/li>\n<li>Jeux pour toute la famille<\/li>\n<li>Cartes locales, guides et recommandations<\/li>\n<\/ul>\n<p>[\/vc_column_text][\/vc_accordion_tab][vc_accordion_tab title=&#8221;DANS CHAQUE CHAMBRE : &#8220;][vc_column_text]<\/p>\n<ul>\n<li>Literie de qualit\u00e9 sup\u00e9rieure et oreillers moelleux<\/li>\n<li>Linge de lit en percale de coton<\/li>\n<li>Serviettes de bain moelleuses et foutas de piscine<\/li>\n<li>S\u00e8che-cheveux<\/li>\n<li>Ventilateur Dyson<\/li>\n<li>T\u00e9l\u00e9vision<\/li>\n<li>Rangements<\/li>\n<\/ul>\n<p>[\/vc_column_text][\/vc_accordion_tab][vc_accordion_tab title=&#8221;DANS LA CUISINE :&#8221;][vc_column_text css=&#8221;.vc_custom_1697005389098{padding-right: 15px !important;padding-left: 15px !important;}&#8221;]<\/p>\n<ul>\n<li>Lave-vaisselle<\/li>\n<li>Machine \u00e0 caf\u00e9 Nespresso<\/li>\n<li>Four, four vapeur, micro-ondes<\/li>\n<li>Chauffe assiettes<\/li>\n<li>Bouilloire, grille-pain, mixeur, presse-agrumes<\/li>\n<li>R\u00e9frig\u00e9rateur<\/li>\n<li>Machine \u00e0 gla\u00e7ons<\/li>\n<li>Cave \u00e0 vin<\/li>\n<li>Espace de stockage<\/li>\n<\/ul>\n<p>[\/vc_column_text][\/vc_accordion_tab][vc_accordion_tab title=&#8221;EQUIPEMENTS EXTERIEURS :&#8221;][vc_column_text css=&#8221;.vc_custom_1697005430182{padding-right: 15px !important;}&#8221;]<\/p>\n<ul>\n<li>Piscine priv\u00e9e (10mx6m &#8211; plusieurs profondeurs environ 40cm \u00e0 2,20m)<\/li>\n<li>Cam\u00e9ras de s\u00e9curit\u00e9<\/li>\n<li>Douche ext\u00e9rieure<\/li>\n<li>Table repas ext\u00e9rieure pour 12 personnes<\/li>\n<li>Coins salons<\/li>\n<li>Eclairage ext\u00e9rieur<\/li>\n<li>Barbecue \u00e0 gaz Weber<\/li>\n<li>Four \u00e0 pizza<\/li>\n<li>Chaises longues et parasols<\/li>\n<li>Stationnement sur place<\/li>\n<\/ul>\n<p>[\/vc_column_text][\/vc_accordion_tab][\/vc_accordion][\/vc_column][vc_column width=&#8221;1\/6&#8243;][\/vc_column][\/vc_row][vc_row][vc_column][vc_empty_space][\/vc_column][\/vc_row]<\/p>\n","protected":false},"excerpt":{"rendered":"<p>[vc_row type=&#8221;vc_default&#8221; full_width=&#8221;stretch_row_content_no_spaces&#8221; css=&#8221;.vc_custom_1570907879570{background-color: #ffffff !important;}&#8221;][vc_column css=&#8221;.vc_custom_1570907887148{padding-top: 100px !important;padding-right: 40px !important;padding-left: 40px !important;background-color: #ffffff !important;}&#8221;][vc_row_inner css=&#8221;.vc_custom_1570907926350{padding-right: 40px !important;padding-left: 40px !important;background-color: #ffffff !important;}&#8221;][vc_column_inner width=&#8221;1\/6&#8243;][\/vc_column_inner][vc_column_inner width=&#8221;2\/3&#8243; css=&#8221;.vc_custom_1570907913765{background-color: #ffffff !important;}&#8221;][vc_column_text] La superficie de la villa est de 352 m\u00b2. Elle se trouve cach\u00e9e en pleine nature, dans un naturel parc de 2 hectares prot\u00e9g\u00e9 et arbor\u00e9 d\u2019essences m\u00e9diterran\u00e9ennes.&hellip;<\/p>\n","protected":false},"author":1,"featured_media":0,"parent":0,"menu_order":0,"comment_status":"closed","ping_status":"closed","template":"","meta":[],"class_list":["post-1199","page","type-page","status-publish","hentry","description-off"],"yoast_head":"<!-- This site is optimized with the Yoast SEO plugin v19.1 - https:\/\/yoast.com\/wordpress\/plugins\/seo\/ -->\n<title>EQUIPEMENTS - CASA ARTE LAGOS<\/title>\n<meta name=\"robots\" content=\"index, follow, max-snippet:-1, max-image-preview:large, max-video-preview:-1\" \/>\n<link rel=\"canonical\" href=\"https:\/\/casaarte-lagos.com\/site\/amenities-casa-arte-lagos\/\" \/>\n<meta property=\"og:locale\" content=\"en_US\" \/>\n<meta property=\"og:type\" content=\"article\" \/>\n<meta property=\"og:title\" content=\"EQUIPEMENTS - CASA ARTE LAGOS\" \/>\n<meta property=\"og:description\" content=\"[vc_row type=&#8221;vc_default&#8221; full_width=&#8221;stretch_row_content_no_spaces&#8221; css=&#8221;.vc_custom_1570907879570{background-color: #ffffff !important;}&#8221;][vc_column css=&#8221;.vc_custom_1570907887148{padding-top: 100px !important;padding-right: 40px !important;padding-left: 40px !important;background-color: #ffffff !important;}&#8221;][vc_row_inner css=&#8221;.vc_custom_1570907926350{padding-right: 40px !important;padding-left: 40px !important;background-color: #ffffff !important;}&#8221;][vc_column_inner width=&#8221;1\/6&#8243;][\/vc_column_inner][vc_column_inner width=&#8221;2\/3&#8243; css=&#8221;.vc_custom_1570907913765{background-color: #ffffff !important;}&#8221;][vc_column_text] La superficie de la villa est de 352 m\u00b2. Elle se trouve cach\u00e9e en pleine nature, dans un naturel parc de 2 hectares prot\u00e9g\u00e9 et arbor\u00e9 d\u2019essences m\u00e9diterran\u00e9ennes.&hellip;\" \/>\n<meta property=\"og:url\" content=\"https:\/\/casaarte-lagos.com\/site\/amenities-casa-arte-lagos\/?lang=fr\" \/>\n<meta property=\"og:site_name\" content=\"CASA ARTE LAGOS\" \/>\n<meta property=\"article:modified_time\" content=\"2023-10-11T06:24:04+00:00\" \/>\n<meta name=\"twitter:card\" content=\"summary_large_image\" \/>\n<meta name=\"twitter:label1\" content=\"Est. reading time\" \/>\n\t<meta name=\"twitter:data1\" content=\"2 minutes\" \/>\n<script type=\"application\/ld+json\" class=\"yoast-schema-graph\">{\"@context\":\"https:\/\/schema.org\",\"@graph\":[{\"@type\":\"WebSite\",\"@id\":\"https:\/\/casaarte-lagos.com\/site\/#website\",\"url\":\"https:\/\/casaarte-lagos.com\/site\/\",\"name\":\"CASA ARTE LAGOS\",\"description\":\"CASA ARTE - stunning villa for sunny holidays\",\"potentialAction\":[{\"@type\":\"SearchAction\",\"target\":{\"@type\":\"EntryPoint\",\"urlTemplate\":\"https:\/\/casaarte-lagos.com\/site\/?s={search_term_string}\"},\"query-input\":\"required name=search_term_string\"}],\"inLanguage\":\"en-US\"},{\"@type\":\"WebPage\",\"@id\":\"https:\/\/casaarte-lagos.com\/site\/amenities-casa-arte-lagos\/?lang=fr#webpage\",\"url\":\"https:\/\/casaarte-lagos.com\/site\/amenities-casa-arte-lagos\/?lang=fr\",\"name\":\"EQUIPEMENTS - CASA ARTE LAGOS\",\"isPartOf\":{\"@id\":\"https:\/\/casaarte-lagos.com\/site\/#website\"},\"datePublished\":\"2019-11-06T14:22:49+00:00\",\"dateModified\":\"2023-10-11T06:24:04+00:00\",\"breadcrumb\":{\"@id\":\"https:\/\/casaarte-lagos.com\/site\/amenities-casa-arte-lagos\/?lang=fr#breadcrumb\"},\"inLanguage\":\"en-US\",\"potentialAction\":[{\"@type\":\"ReadAction\",\"target\":[\"https:\/\/casaarte-lagos.com\/site\/amenities-casa-arte-lagos\/?lang=fr\"]}]},{\"@type\":\"BreadcrumbList\",\"@id\":\"https:\/\/casaarte-lagos.com\/site\/amenities-casa-arte-lagos\/?lang=fr#breadcrumb\",\"itemListElement\":[{\"@type\":\"ListItem\",\"position\":1,\"name\":\"Accueil\",\"item\":\"https:\/\/casaarte-lagos.com\/site\/\"},{\"@type\":\"ListItem\",\"position\":2,\"name\":\"EQUIPEMENTS\"}]}]}<\/script>\n<!-- \/ Yoast SEO plugin. -->","yoast_head_json":{"title":"EQUIPEMENTS - CASA ARTE LAGOS","robots":{"index":"index","follow":"follow","max-snippet":"max-snippet:-1","max-image-preview":"max-image-preview:large","max-video-preview":"max-video-preview:-1"},"canonical":"https:\/\/casaarte-lagos.com\/site\/amenities-casa-arte-lagos\/","og_locale":"en_US","og_type":"article","og_title":"EQUIPEMENTS - CASA ARTE LAGOS","og_description":"[vc_row type=&#8221;vc_default&#8221; full_width=&#8221;stretch_row_content_no_spaces&#8221; css=&#8221;.vc_custom_1570907879570{background-color: #ffffff !important;}&#8221;][vc_column css=&#8221;.vc_custom_1570907887148{padding-top: 100px !important;padding-right: 40px !important;padding-left: 40px !important;background-color: #ffffff !important;}&#8221;][vc_row_inner css=&#8221;.vc_custom_1570907926350{padding-right: 40px !important;padding-left: 40px !important;background-color: #ffffff !important;}&#8221;][vc_column_inner width=&#8221;1\/6&#8243;][\/vc_column_inner][vc_column_inner width=&#8221;2\/3&#8243; css=&#8221;.vc_custom_1570907913765{background-color: #ffffff !important;}&#8221;][vc_column_text] La superficie de la villa est de 352 m\u00b2. Elle se trouve cach\u00e9e en pleine nature, dans un naturel parc de 2 hectares prot\u00e9g\u00e9 et arbor\u00e9 d\u2019essences m\u00e9diterran\u00e9ennes.&hellip;","og_url":"https:\/\/casaarte-lagos.com\/site\/amenities-casa-arte-lagos\/?lang=fr","og_site_name":"CASA ARTE LAGOS","article_modified_time":"2023-10-11T06:24:04+00:00","twitter_card":"summary_large_image","twitter_misc":{"Est. reading time":"2 minutes"},"schema":{"@context":"https:\/\/schema.org","@graph":[{"@type":"WebSite","@id":"https:\/\/casaarte-lagos.com\/site\/#website","url":"https:\/\/casaarte-lagos.com\/site\/","name":"CASA ARTE LAGOS","description":"CASA ARTE - stunning villa for sunny holidays","potentialAction":[{"@type":"SearchAction","target":{"@type":"EntryPoint","urlTemplate":"https:\/\/casaarte-lagos.com\/site\/?s={search_term_string}"},"query-input":"required name=search_term_string"}],"inLanguage":"en-US"},{"@type":"WebPage","@id":"https:\/\/casaarte-lagos.com\/site\/amenities-casa-arte-lagos\/?lang=fr#webpage","url":"https:\/\/casaarte-lagos.com\/site\/amenities-casa-arte-lagos\/?lang=fr","name":"EQUIPEMENTS - CASA ARTE LAGOS","isPartOf":{"@id":"https:\/\/casaarte-lagos.com\/site\/#website"},"datePublished":"2019-11-06T14:22:49+00:00","dateModified":"2023-10-11T06:24:04+00:00","breadcrumb":{"@id":"https:\/\/casaarte-lagos.com\/site\/amenities-casa-arte-lagos\/?lang=fr#breadcrumb"},"inLanguage":"en-US","potentialAction":[{"@type":"ReadAction","target":["https:\/\/casaarte-lagos.com\/site\/amenities-casa-arte-lagos\/?lang=fr"]}]},{"@type":"BreadcrumbList","@id":"https:\/\/casaarte-lagos.com\/site\/amenities-casa-arte-lagos\/?lang=fr#breadcrumb","itemListElement":[{"@type":"ListItem","position":1,"name":"Accueil","item":"https:\/\/casaarte-lagos.com\/site\/"},{"@type":"ListItem","position":2,"name":"EQUIPEMENTS"}]}]}},"_links":{"self":[{"href":"https:\/\/casaarte-lagos.com\/site\/wp-json\/wp\/v2\/pages\/1199","targetHints":{"allow":["GET"]}}],"collection":[{"href":"https:\/\/casaarte-lagos.com\/site\/wp-json\/wp\/v2\/pages"}],"about":[{"href":"https:\/\/casaarte-lagos.com\/site\/wp-json\/wp\/v2\/types\/page"}],"author":[{"embeddable":true,"href":"https:\/\/casaarte-lagos.com\/site\/wp-json\/wp\/v2\/users\/1"}],"replies":[{"embeddable":true,"href":"https:\/\/casaarte-lagos.com\/site\/wp-json\/wp\/v2\/comments?post=1199"}],"version-history":[{"count":7,"href":"https:\/\/casaarte-lagos.com\/site\/wp-json\/wp\/v2\/pages\/1199\/revisions"}],"predecessor-version":[{"id":1847,"href":"https:\/\/casaarte-lagos.com\/site\/wp-json\/wp\/v2\/pages\/1199\/revisions\/1847"}],"wp:attachment":[{"href":"https:\/\/casaarte-lagos.com\/site\/wp-json\/wp\/v2\/media?parent=1199"}],"curies":[{"name":"wp","href":"https:\/\/api.w.org\/{rel}","templated":true}]}}