{"id":1193,"date":"2019-10-12T21:10:18","date_gmt":"2019-10-12T19:10:18","guid":{"rendered":"https:\/\/casaarte-lagos.com\/site\/rooms-casa-arte-lagos\/"},"modified":"2021-05-21T16:36:13","modified_gmt":"2021-05-21T14:36:13","slug":"rooms-casa-arte-lagos","status":"publish","type":"page","link":"https:\/\/casaarte-lagos.com\/site\/rooms-casa-arte-lagos\/?lang=fr","title":{"rendered":"CHAMBRES"},"content":{"rendered":"<p>[vc_row type=&#8221;vc_default&#8221; full_width=&#8221;stretch_row_content_no_spaces&#8221; css=&#8221;.vc_custom_1570907879570{background-color: #ffffff !important;}&#8221;][vc_column css=&#8221;.vc_custom_1570907887148{padding-top: 100px !important;padding-right: 40px !important;padding-left: 40px !important;background-color: #ffffff !important;}&#8221;]<div id=\"ultimate-heading-758669d06315c0ac3\" class=\"uvc-heading ult-adjust-bottom-margin ultimate-heading-758669d06315c0ac3 uvc-8714 \" data-hspacer=\"line_only\"  data-halign=\"center\" style=\"text-align:center\"><div class=\"uvc-sub-heading ult-responsive\"  data-ultimate-target='.uvc-heading.ultimate-heading-758669d06315c0ac3 .uvc-sub-heading '  data-responsive-json-new='{\"font-size\":\"desktop:30px;\",\"line-height\":\"\"}'  style=\"font-family:'Montserrat';font-weight:200;color:#212121;\"><\/p>\n<p style=\"text-align: center;\">NOS CHAMBRES<\/p>\n<p><\/div><div class=\"uvc-heading-spacer line_only\" style=\"margin-top:50px;margin-bottom:20px;height:3px;\"><span class=\"uvc-headings-line\" style=\"border-style:solid;border-bottom-width:3px;border-color:#1e73be;width:50px;\"><\/span><\/div><\/div>[vc_row_inner css=&#8221;.vc_custom_1570907926350{padding-right: 40px !important;padding-left: 40px !important;background-color: #ffffff !important;}&#8221;][vc_column_inner width=&#8221;1\/4&#8243;][\/vc_column_inner][vc_column_inner width=&#8221;1\/2&#8243; css=&#8221;.vc_custom_1570907913765{background-color: #ffffff !important;}&#8221;][vc_column_text]<\/p>\n<p style=\"text-align: center;\">Avec six chambres et cinq salles de bains, Casa Arte peut confortablement accueillir 12 personnes. L&#8217;int\u00e9rieur est minimaliste pour offrir une ambiance paisible : chambres lumineuses, salle de bain spacieuses, mobilier design, murs blancs et sols en b\u00e9ton cir\u00e9. Les chambres ont une terrasse privative ouverte sur le jardin.<\/p>\n<p>[\/vc_column_text][\/vc_column_inner][vc_column_inner width=&#8221;1\/4&#8243;][\/vc_column_inner][\/vc_row_inner][vc_empty_space height=&#8221;50px&#8221;][\/vc_column][\/vc_row][vc_row type=&#8221;vc_default&#8221; full_width=&#8221;stretch_row_content_no_spaces&#8221; equal_height=&#8221;yes&#8221; bg_type=&#8221;bg_color&#8221; bg_override=&#8221;ex-full&#8221; css=&#8221;.vc_custom_1540229230096{background-color: #0c0c0c !important;background-position: center !important;background-repeat: no-repeat !important;background-size: cover !important;}&#8221; bg_color_value=&#8221;#f7f7f7&#8243;][vc_column css=&#8221;.vc_custom_1571505050575{padding-top: 70px !important;padding-right: 50px !important;padding-left: 50px !important;background-color: #fcfcfc !important;background-position: center !important;background-repeat: no-repeat !important;background-size: cover !important;}&#8221; offset=&#8221;vc_col-lg-offset-0 vc_col-lg-6 vc_col-md-offset-0 vc_col-md-6 vc_col-sm-offset-0 vc_col-xs-12&#8243;][vc_empty_space height=&#8221;50px&#8221;]<div id=\"ultimate-heading-211769d06315c0ae5\" class=\"uvc-heading ult-adjust-bottom-margin ultimate-heading-211769d06315c0ae5 uvc-9874 \" data-hspacer=\"line_only\"  data-halign=\"left\" style=\"text-align:left\"><div class=\"uvc-sub-heading ult-responsive\"  data-ultimate-target='.uvc-heading.ultimate-heading-211769d06315c0ae5 .uvc-sub-heading '  data-responsive-json-new='{\"font-size\":\"desktop:30px;\",\"line-height\":\"\"}'  style=\"font-family:'Montserrat';font-weight:200;color:#212121;\"><\/p>\n<p style=\"text-align: left;\">CHAMBRE 1<\/p>\n<p><\/div><div class=\"uvc-heading-spacer line_only\" style=\"margin-top:50px;margin-bottom:20px;height:3px;\"><span class=\"uvc-headings-line\" style=\"border-style:solid;border-bottom-width:3px;border-color:#1e73be;width:50px;\"><\/span><\/div><\/div>[vc_column_text]Chambre principale 1<\/p>\n<p>Superficie\u00a0: 18,60m2<\/p>\n<p>Lit\u00a0: un lit double 160&#215;200<\/p>\n<p>Salle de bain attenante avec douche \u00e0 l\u2019italienne<\/p>\n<p>Acc\u00e8s direct \u00e0 la terrasse avec vue sur le jardin[\/vc_column_text][vc_empty_space height=&#8221;50px&#8221;][\/vc_column][vc_column offset=&#8221;vc_col-lg-offset-0 vc_col-lg-6 vc_col-md-offset-0 vc_col-md-6 vc_col-sm-offset-0&#8243; css=&#8221;.vc_custom_1571503488097{margin-top: -40px !important;margin-bottom: -40px !important;background-position: center !important;background-repeat: no-repeat !important;background-size: cover !important;}&#8221;][rev_slider_vc alias=&#8221;bed1&#8243;][\/vc_column][\/vc_row][vc_row type=&#8221;vc_default&#8221; full_width=&#8221;stretch_row_content_no_spaces&#8221; equal_height=&#8221;yes&#8221; bg_type=&#8221;bg_color&#8221; bg_override=&#8221;ex-full&#8221; css=&#8221;.vc_custom_1516890375430{background-color: #f7f7f7 !important;background-position: center !important;background-repeat: no-repeat !important;background-size: cover !important;}&#8221; bg_color_value=&#8221;#f7f7f7&#8243;][vc_column css=&#8221;.vc_custom_1571503676661{padding-top: 70px !important;padding-right: 50px !important;padding-bottom: 40px !important;padding-left: 50px !important;background-color: #ffffff !important;}&#8221; offset=&#8221;vc_col-lg-offset-0 vc_col-lg-6 vc_col-md-offset-0 vc_col-md-6 vc_col-sm-offset-0 vc_col-xs-12&#8243;][vc_empty_space height=&#8221;50px&#8221;]<div id=\"ultimate-heading-514669d06315c0af7\" class=\"uvc-heading ult-adjust-bottom-margin ultimate-heading-514669d06315c0af7 uvc-1958 \" data-hspacer=\"line_only\"  data-halign=\"left\" style=\"text-align:left\"><div class=\"uvc-sub-heading ult-responsive\"  data-ultimate-target='.uvc-heading.ultimate-heading-514669d06315c0af7 .uvc-sub-heading '  data-responsive-json-new='{\"font-size\":\"desktop:30px;\",\"line-height\":\"\"}'  style=\"font-family:'Montserrat';font-weight:200;color:#212121;\"><\/p>\n<p style=\"text-align: left;\">CHAMBRE 2<\/p>\n<p><\/div><div class=\"uvc-heading-spacer line_only\" style=\"margin-top:50px;margin-bottom:20px;height:3px;\"><span class=\"uvc-headings-line\" style=\"border-style:solid;border-bottom-width:3px;border-color:#1e73be;width:50px;\"><\/span><\/div><\/div>[vc_column_text]Chambre principale 2<\/p>\n<p>Superficie\u00a0: 19,90m2<\/p>\n<p>Lit\u00a0: un lit double 180&#215;200 ou deux lits simples 90&#215;200<\/p>\n<p>Salle de bain attenante avec douche \u00e0 l\u2019italienne<\/p>\n<p>Acc\u00e8s direct \u00e0 la terrasse avec vue sur le jardin[\/vc_column_text][\/vc_column][vc_column offset=&#8221;vc_col-lg-offset-0 vc_col-lg-6 vc_col-md-offset-0 vc_col-md-6 vc_col-sm-offset-0&#8243; css=&#8221;.vc_custom_1571503666230{margin-top: -40px !important;margin-bottom: -40px !important;background-position: center !important;background-repeat: no-repeat !important;background-size: cover !important;}&#8221;][rev_slider_vc alias=&#8221;bed2&#8243;][\/vc_column][\/vc_row][vc_row type=&#8221;vc_default&#8221; full_width=&#8221;stretch_row_content_no_spaces&#8221; equal_height=&#8221;yes&#8221; bg_type=&#8221;bg_color&#8221; bg_override=&#8221;ex-full&#8221; css=&#8221;.vc_custom_1540229230096{background-color: #0c0c0c !important;background-position: center !important;background-repeat: no-repeat !important;background-size: cover !important;}&#8221; bg_color_value=&#8221;#f7f7f7&#8243;][vc_column css=&#8221;.vc_custom_1571505050575{padding-top: 70px !important;padding-right: 50px !important;padding-left: 50px !important;background-color: #fcfcfc !important;background-position: center !important;background-repeat: no-repeat !important;background-size: cover !important;}&#8221; offset=&#8221;vc_col-lg-offset-0 vc_col-lg-6 vc_col-md-offset-0 vc_col-md-6 vc_col-sm-offset-0 vc_col-xs-12&#8243;][vc_empty_space height=&#8221;50px&#8221;]<div id=\"ultimate-heading-12569d06315c0b07\" class=\"uvc-heading ult-adjust-bottom-margin ultimate-heading-12569d06315c0b07 uvc-5105 \" data-hspacer=\"line_only\"  data-halign=\"left\" style=\"text-align:left\"><div class=\"uvc-sub-heading ult-responsive\"  data-ultimate-target='.uvc-heading.ultimate-heading-12569d06315c0b07 .uvc-sub-heading '  data-responsive-json-new='{\"font-size\":\"desktop:30px;\",\"line-height\":\"\"}'  style=\"font-family:'Montserrat';font-weight:200;color:#212121;\"><\/p>\n<p style=\"text-align: left;\">CHAMBRE 3<\/p>\n<p><\/div><div class=\"uvc-heading-spacer line_only\" style=\"margin-top:50px;margin-bottom:20px;height:3px;\"><span class=\"uvc-headings-line\" style=\"border-style:solid;border-bottom-width:3px;border-color:#1e73be;width:50px;\"><\/span><\/div><\/div>[vc_column_text css=&#8221;.vc_custom_1615491204153{margin-bottom: -30px !important;}&#8221;]Chambre famille<\/p>\n<p>Superficie\u00a0: 14,75m2<\/p>\n<p>Lit\u00a0: un lit double 160&#215;200<\/p>\n<p>Salle de bain attenante avec douche \u00e0 l\u2019italienne, partag\u00e9e avec la chambre 4 (superficie\u00a0: 7,40m2)<\/p>\n<p>Acc\u00e8s direct \u00e0 la terrasse avec vue sur le jardin[\/vc_column_text][\/vc_column][vc_column offset=&#8221;vc_col-lg-offset-0 vc_col-lg-6 vc_col-md-offset-0 vc_col-md-6 vc_col-sm-offset-0&#8243; css=&#8221;.vc_custom_1573338172480{margin-top: -40px !important;margin-bottom: -40px !important;background-position: center !important;background-repeat: no-repeat !important;background-size: cover !important;}&#8221;][rev_slider_vc alias=&#8221;bed3&#8243;][\/vc_column][\/vc_row][vc_row type=&#8221;vc_default&#8221; full_width=&#8221;stretch_row_content_no_spaces&#8221; equal_height=&#8221;yes&#8221; bg_type=&#8221;bg_color&#8221; bg_override=&#8221;ex-full&#8221; css=&#8221;.vc_custom_1516890375430{background-color: #f7f7f7 !important;background-position: center !important;background-repeat: no-repeat !important;background-size: cover !important;}&#8221; bg_color_value=&#8221;#f7f7f7&#8243;][vc_column css=&#8221;.vc_custom_1571503676661{padding-top: 70px !important;padding-right: 50px !important;padding-bottom: 40px !important;padding-left: 50px !important;background-color: #ffffff !important;}&#8221; offset=&#8221;vc_col-lg-offset-0 vc_col-lg-6 vc_col-md-offset-0 vc_col-md-6 vc_col-sm-offset-0 vc_col-xs-12&#8243;][vc_empty_space height=&#8221;50px&#8221;]<div id=\"ultimate-heading-676569d06315c0b17\" class=\"uvc-heading ult-adjust-bottom-margin ultimate-heading-676569d06315c0b17 uvc-2197 \" data-hspacer=\"line_only\"  data-halign=\"left\" style=\"text-align:left\"><div class=\"uvc-sub-heading ult-responsive\"  data-ultimate-target='.uvc-heading.ultimate-heading-676569d06315c0b17 .uvc-sub-heading '  data-responsive-json-new='{\"font-size\":\"desktop:30px;\",\"line-height\":\"\"}'  style=\"font-family:'Montserrat';font-weight:200;color:#212121;\"><\/p>\n<p style=\"text-align: left;\">CHAMBRE 4<\/p>\n<p><\/div><div class=\"uvc-heading-spacer line_only\" style=\"margin-top:50px;margin-bottom:20px;height:3px;\"><span class=\"uvc-headings-line\" style=\"border-style:solid;border-bottom-width:3px;border-color:#1e73be;width:50px;\"><\/span><\/div><\/div>[vc_column_text]Chambre famille<\/p>\n<p>Superficie\u00a0: 15,65m2<\/p>\n<p>Lit\u00a0: un lit double 180&#215;200 ou deux lits simples 90&#215;200<\/p>\n<p>Salle de bain attenante avec douche \u00e0 l\u2019italienne, partag\u00e9e avec la chambre 3 (superficie\u00a0: 7,40m2)[\/vc_column_text][\/vc_column][vc_column offset=&#8221;vc_col-lg-offset-0 vc_col-lg-6 vc_col-md-offset-0 vc_col-md-6 vc_col-sm-offset-0&#8243; css=&#8221;.vc_custom_1571503666230{margin-top: -40px !important;margin-bottom: -40px !important;background-position: center !important;background-repeat: no-repeat !important;background-size: cover !important;}&#8221;][rev_slider_vc alias=&#8221;bed4&#8243;][\/vc_column][\/vc_row][vc_row type=&#8221;vc_default&#8221; full_width=&#8221;stretch_row_content_no_spaces&#8221; equal_height=&#8221;yes&#8221; bg_type=&#8221;bg_color&#8221; bg_override=&#8221;ex-full&#8221; css=&#8221;.vc_custom_1540229230096{background-color: #0c0c0c !important;background-position: center !important;background-repeat: no-repeat !important;background-size: cover !important;}&#8221; bg_color_value=&#8221;#f7f7f7&#8243;][vc_column css=&#8221;.vc_custom_1571505050575{padding-top: 70px !important;padding-right: 50px !important;padding-left: 50px !important;background-color: #fcfcfc !important;background-position: center !important;background-repeat: no-repeat !important;background-size: cover !important;}&#8221; offset=&#8221;vc_col-lg-offset-0 vc_col-lg-6 vc_col-md-offset-0 vc_col-md-6 vc_col-sm-offset-0 vc_col-xs-12&#8243;][vc_empty_space height=&#8221;50px&#8221;]<div id=\"ultimate-heading-279669d06315c0b26\" class=\"uvc-heading ult-adjust-bottom-margin ultimate-heading-279669d06315c0b26 uvc-7396 \" data-hspacer=\"line_only\"  data-halign=\"left\" style=\"text-align:left\"><div class=\"uvc-sub-heading ult-responsive\"  data-ultimate-target='.uvc-heading.ultimate-heading-279669d06315c0b26 .uvc-sub-heading '  data-responsive-json-new='{\"font-size\":\"desktop:30px;\",\"line-height\":\"\"}'  style=\"font-family:'Montserrat';font-weight:200;color:#212121;\"><\/p>\n<p style=\"text-align: left;\">CHAMBRE 5<\/p>\n<p><\/div><div class=\"uvc-heading-spacer line_only\" style=\"margin-top:50px;margin-bottom:20px;height:3px;\"><span class=\"uvc-headings-line\" style=\"border-style:solid;border-bottom-width:3px;border-color:#1e73be;width:50px;\"><\/span><\/div><\/div>[vc_column_text]Superficie\u00a0: 15,25m2<\/p>\n<p>Lit\u00a0: un lit double 180&#215;200 ou deux lits simples 90&#215;200<\/p>\n<p>Salle de bain attenante avec douche \u00e0 l\u2019italienne et baignoire<\/p>\n<p>Acc\u00e8s direct \u00e0 la terrasse avec vue sur le jardin<\/p>\n<p>Possibilit\u00e9 de chambre communicante avec chambre 6[\/vc_column_text][\/vc_column][vc_column offset=&#8221;vc_col-lg-offset-0 vc_col-lg-6 vc_col-md-offset-0 vc_col-md-6 vc_col-sm-offset-0&#8243; css=&#8221;.vc_custom_1571503488097{margin-top: -40px !important;margin-bottom: -40px !important;background-position: center !important;background-repeat: no-repeat !important;background-size: cover !important;}&#8221;][rev_slider_vc alias=&#8221;bed5&#8243;][\/vc_column][\/vc_row][vc_row type=&#8221;vc_default&#8221; full_width=&#8221;stretch_row_content_no_spaces&#8221; equal_height=&#8221;yes&#8221; bg_type=&#8221;bg_color&#8221; bg_override=&#8221;ex-full&#8221; css=&#8221;.vc_custom_1516890375430{background-color: #f7f7f7 !important;background-position: center !important;background-repeat: no-repeat !important;background-size: cover !important;}&#8221; bg_color_value=&#8221;#f7f7f7&#8243;][vc_column css=&#8221;.vc_custom_1571503676661{padding-top: 70px !important;padding-right: 50px !important;padding-bottom: 40px !important;padding-left: 50px !important;background-color: #ffffff !important;}&#8221; offset=&#8221;vc_col-lg-offset-0 vc_col-lg-6 vc_col-md-offset-0 vc_col-md-6 vc_col-sm-offset-0 vc_col-xs-12&#8243;][vc_empty_space height=&#8221;50px&#8221;]<div id=\"ultimate-heading-330469d06315c0b33\" class=\"uvc-heading ult-adjust-bottom-margin ultimate-heading-330469d06315c0b33 uvc-2987 \" data-hspacer=\"line_only\"  data-halign=\"left\" style=\"text-align:left\"><div class=\"uvc-sub-heading ult-responsive\"  data-ultimate-target='.uvc-heading.ultimate-heading-330469d06315c0b33 .uvc-sub-heading '  data-responsive-json-new='{\"font-size\":\"desktop:30px;\",\"line-height\":\"\"}'  style=\"font-family:'Montserrat';font-weight:200;color:#212121;\"><\/p>\n<p style=\"text-align: left;\">CHAMBRE 6<\/p>\n<p><\/div><div class=\"uvc-heading-spacer line_only\" style=\"margin-top:50px;margin-bottom:20px;height:3px;\"><span class=\"uvc-headings-line\" style=\"border-style:solid;border-bottom-width:3px;border-color:#1e73be;width:50px;\"><\/span><\/div><\/div>[vc_column_text]Superficie\u00a0: 13,45m2<\/p>\n<p>Lit\u00a0: un lit double 180&#215;200 ou deux lits simples 90&#215;200<\/p>\n<p>Salle de bain attenante avec douche \u00e0 l\u2019italienne<\/p>\n<p>Acc\u00e8s direct \u00e0 la terrasse avec vue sur le jardin<\/p>\n<p>Possibilit\u00e9 de chambre communicante avec chambre 5<\/p>\n<p>[\/vc_column_text][\/vc_column][vc_column offset=&#8221;vc_col-lg-offset-0 vc_col-lg-6 vc_col-md-offset-0 vc_col-md-6 vc_col-sm-offset-0&#8243; css=&#8221;.vc_custom_1571503666230{margin-top: -40px !important;margin-bottom: -40px !important;background-position: center !important;background-repeat: no-repeat !important;background-size: cover !important;}&#8221;][rev_slider_vc alias=&#8221;bed6&#8243;][\/vc_column][\/vc_row][vc_row type=&#8221;vc_default&#8221; bg_type=&#8221;bg_color&#8221; bg_override=&#8221;ex-full&#8221; bg_color_value=&#8221;#fcfcfc&#8221;][vc_column]<div id=\"ultimate-heading-424969d06315c0b42\" class=\"uvc-heading ult-adjust-bottom-margin ultimate-heading-424969d06315c0b42 uvc-1775 \" data-hspacer=\"line_only\"  data-halign=\"center\" style=\"text-align:center\"><div class=\"uvc-main-heading ult-responsive\"  data-ultimate-target='.uvc-heading.ultimate-heading-424969d06315c0b42 h2'  data-responsive-json-new='{\"font-size\":\"desktop:34px;\",\"line-height\":\"desktop:44px;\"}' ><h2 style=\"font-family:'Montserrat';font-weight:200;color:#3d3d3d;margin-bottom:15px;\">LE LUXE DE LA SIMPLICIT\u00c9<\/h2><\/div><div class=\"uvc-heading-spacer line_only\" style=\"margin-top:50px;margin-bottom:20px;height:3px;\"><span class=\"uvc-headings-line\" style=\"border-style:solid;border-bottom-width:3px;border-color:#1e73be;width:50px;\"><\/span><\/div><\/div>[vc_column_text]<\/p>\n<p style=\"text-align: center;\">Nous accordons une importance toute particuli\u00e8re au confort et \u00e0 la relaxation de nos invit\u00e9s en offrant une literie de qualit\u00e9, des draps en coton de percal doux et des serviettes moelleuses.<\/p>\n<p style=\"text-align: center;\">&#8220;<em>Le luxe doit \u00eatre confortable, sinon ce n&#8217;est pas du luxe <\/em>&#8221; &#8211; Coco Chanel<\/p>\n<p>[\/vc_column_text][\/vc_column][\/vc_row]<\/p>\n","protected":false},"excerpt":{"rendered":"<p>[vc_row type=&#8221;vc_default&#8221; full_width=&#8221;stretch_row_content_no_spaces&#8221; css=&#8221;.vc_custom_1570907879570{background-color: #ffffff !important;}&#8221;][vc_column css=&#8221;.vc_custom_1570907887148{padding-top: 100px !important;padding-right: 40px !important;padding-left: 40px !important;background-color: #ffffff !important;}&#8221;][vc_row_inner css=&#8221;.vc_custom_1570907926350{padding-right: 40px !important;padding-left: 40px !important;background-color: #ffffff !important;}&#8221;][vc_column_inner width=&#8221;1\/4&#8243;][\/vc_column_inner][vc_column_inner width=&#8221;1\/2&#8243; css=&#8221;.vc_custom_1570907913765{background-color: #ffffff !important;}&#8221;][vc_column_text] Avec six chambres et cinq salles de bains, Casa Arte peut confortablement accueillir 12 personnes. L&#8217;int\u00e9rieur est minimaliste pour offrir une ambiance paisible : chambres lumineuses, salle de&hellip;<\/p>\n","protected":false},"author":1,"featured_media":0,"parent":0,"menu_order":0,"comment_status":"closed","ping_status":"closed","template":"","meta":[],"class_list":["post-1193","page","type-page","status-publish","hentry","description-off"],"yoast_head":"<!-- This site is optimized with the Yoast SEO plugin v19.1 - https:\/\/yoast.com\/wordpress\/plugins\/seo\/ -->\n<title>CASA ARTE LAGOS stunning villa for sunny holidays<\/title>\n<meta name=\"description\" content=\"Casa Arte is a unique private villa to rent. Ideal for large families, friends and groups seeking a high-end yet relaxed private and intimate location for time together, special occasions, retreats or photo shooting.\" \/>\n<meta name=\"robots\" content=\"index, follow, max-snippet:-1, max-image-preview:large, max-video-preview:-1\" \/>\n<link rel=\"canonical\" href=\"https:\/\/casaarte-lagos.com\/site\/rooms-casa-arte-lagos\/\" \/>\n<meta property=\"og:locale\" content=\"en_US\" \/>\n<meta property=\"og:type\" content=\"article\" \/>\n<meta property=\"og:title\" content=\"CASA ARTE LAGOS stunning villa for sunny holidays\" \/>\n<meta property=\"og:description\" content=\"Casa Arte is a unique private villa to rent. Ideal for large families, friends and groups seeking a high-end yet relaxed private and intimate location for time together, special occasions, retreats or photo shooting.\" \/>\n<meta property=\"og:url\" content=\"https:\/\/casaarte-lagos.com\/site\/rooms-casa-arte-lagos\/?lang=fr\" \/>\n<meta property=\"og:site_name\" content=\"CASA ARTE LAGOS\" \/>\n<meta property=\"article:modified_time\" content=\"2021-05-21T14:36:13+00:00\" \/>\n<meta name=\"twitter:card\" content=\"summary_large_image\" \/>\n<meta name=\"twitter:label1\" content=\"Est. reading time\" \/>\n\t<meta name=\"twitter:data1\" content=\"10 minutes\" \/>\n<script type=\"application\/ld+json\" class=\"yoast-schema-graph\">{\"@context\":\"https:\/\/schema.org\",\"@graph\":[{\"@type\":\"WebSite\",\"@id\":\"https:\/\/casaarte-lagos.com\/site\/#website\",\"url\":\"https:\/\/casaarte-lagos.com\/site\/\",\"name\":\"CASA ARTE LAGOS\",\"description\":\"CASA ARTE - stunning villa for sunny holidays\",\"potentialAction\":[{\"@type\":\"SearchAction\",\"target\":{\"@type\":\"EntryPoint\",\"urlTemplate\":\"https:\/\/casaarte-lagos.com\/site\/?s={search_term_string}\"},\"query-input\":\"required name=search_term_string\"}],\"inLanguage\":\"en-US\"},{\"@type\":\"WebPage\",\"@id\":\"https:\/\/casaarte-lagos.com\/site\/rooms-casa-arte-lagos\/?lang=fr#webpage\",\"url\":\"https:\/\/casaarte-lagos.com\/site\/rooms-casa-arte-lagos\/?lang=fr\",\"name\":\"CASA ARTE LAGOS stunning villa for sunny holidays\",\"isPartOf\":{\"@id\":\"https:\/\/casaarte-lagos.com\/site\/#website\"},\"datePublished\":\"2019-10-12T19:10:18+00:00\",\"dateModified\":\"2021-05-21T14:36:13+00:00\",\"description\":\"Casa Arte is a unique private villa to rent. Ideal for large families, friends and groups seeking a high-end yet relaxed private and intimate location for time together, special occasions, retreats or photo shooting.\",\"breadcrumb\":{\"@id\":\"https:\/\/casaarte-lagos.com\/site\/rooms-casa-arte-lagos\/?lang=fr#breadcrumb\"},\"inLanguage\":\"en-US\",\"potentialAction\":[{\"@type\":\"ReadAction\",\"target\":[\"https:\/\/casaarte-lagos.com\/site\/rooms-casa-arte-lagos\/?lang=fr\"]}]},{\"@type\":\"BreadcrumbList\",\"@id\":\"https:\/\/casaarte-lagos.com\/site\/rooms-casa-arte-lagos\/?lang=fr#breadcrumb\",\"itemListElement\":[{\"@type\":\"ListItem\",\"position\":1,\"name\":\"Accueil\",\"item\":\"https:\/\/casaarte-lagos.com\/site\/\"},{\"@type\":\"ListItem\",\"position\":2,\"name\":\"CHAMBRES\"}]}]}<\/script>\n<!-- \/ Yoast SEO plugin. -->","yoast_head_json":{"title":"CASA ARTE LAGOS stunning villa for sunny holidays","description":"Casa Arte is a unique private villa to rent. Ideal for large families, friends and groups seeking a high-end yet relaxed private and intimate location for time together, special occasions, retreats or photo shooting.","robots":{"index":"index","follow":"follow","max-snippet":"max-snippet:-1","max-image-preview":"max-image-preview:large","max-video-preview":"max-video-preview:-1"},"canonical":"https:\/\/casaarte-lagos.com\/site\/rooms-casa-arte-lagos\/","og_locale":"en_US","og_type":"article","og_title":"CASA ARTE LAGOS stunning villa for sunny holidays","og_description":"Casa Arte is a unique private villa to rent. Ideal for large families, friends and groups seeking a high-end yet relaxed private and intimate location for time together, special occasions, retreats or photo shooting.","og_url":"https:\/\/casaarte-lagos.com\/site\/rooms-casa-arte-lagos\/?lang=fr","og_site_name":"CASA ARTE LAGOS","article_modified_time":"2021-05-21T14:36:13+00:00","twitter_card":"summary_large_image","twitter_misc":{"Est. reading time":"10 minutes"},"schema":{"@context":"https:\/\/schema.org","@graph":[{"@type":"WebSite","@id":"https:\/\/casaarte-lagos.com\/site\/#website","url":"https:\/\/casaarte-lagos.com\/site\/","name":"CASA ARTE LAGOS","description":"CASA ARTE - stunning villa for sunny holidays","potentialAction":[{"@type":"SearchAction","target":{"@type":"EntryPoint","urlTemplate":"https:\/\/casaarte-lagos.com\/site\/?s={search_term_string}"},"query-input":"required name=search_term_string"}],"inLanguage":"en-US"},{"@type":"WebPage","@id":"https:\/\/casaarte-lagos.com\/site\/rooms-casa-arte-lagos\/?lang=fr#webpage","url":"https:\/\/casaarte-lagos.com\/site\/rooms-casa-arte-lagos\/?lang=fr","name":"CASA ARTE LAGOS stunning villa for sunny holidays","isPartOf":{"@id":"https:\/\/casaarte-lagos.com\/site\/#website"},"datePublished":"2019-10-12T19:10:18+00:00","dateModified":"2021-05-21T14:36:13+00:00","description":"Casa Arte is a unique private villa to rent. Ideal for large families, friends and groups seeking a high-end yet relaxed private and intimate location for time together, special occasions, retreats or photo shooting.","breadcrumb":{"@id":"https:\/\/casaarte-lagos.com\/site\/rooms-casa-arte-lagos\/?lang=fr#breadcrumb"},"inLanguage":"en-US","potentialAction":[{"@type":"ReadAction","target":["https:\/\/casaarte-lagos.com\/site\/rooms-casa-arte-lagos\/?lang=fr"]}]},{"@type":"BreadcrumbList","@id":"https:\/\/casaarte-lagos.com\/site\/rooms-casa-arte-lagos\/?lang=fr#breadcrumb","itemListElement":[{"@type":"ListItem","position":1,"name":"Accueil","item":"https:\/\/casaarte-lagos.com\/site\/"},{"@type":"ListItem","position":2,"name":"CHAMBRES"}]}]}},"_links":{"self":[{"href":"https:\/\/casaarte-lagos.com\/site\/wp-json\/wp\/v2\/pages\/1193","targetHints":{"allow":["GET"]}}],"collection":[{"href":"https:\/\/casaarte-lagos.com\/site\/wp-json\/wp\/v2\/pages"}],"about":[{"href":"https:\/\/casaarte-lagos.com\/site\/wp-json\/wp\/v2\/types\/page"}],"author":[{"embeddable":true,"href":"https:\/\/casaarte-lagos.com\/site\/wp-json\/wp\/v2\/users\/1"}],"replies":[{"embeddable":true,"href":"https:\/\/casaarte-lagos.com\/site\/wp-json\/wp\/v2\/comments?post=1193"}],"version-history":[{"count":4,"href":"https:\/\/casaarte-lagos.com\/site\/wp-json\/wp\/v2\/pages\/1193\/revisions"}],"predecessor-version":[{"id":1385,"href":"https:\/\/casaarte-lagos.com\/site\/wp-json\/wp\/v2\/pages\/1193\/revisions\/1385"}],"wp:attachment":[{"href":"https:\/\/casaarte-lagos.com\/site\/wp-json\/wp\/v2\/media?parent=1193"}],"curies":[{"name":"wp","href":"https:\/\/api.w.org\/{rel}","templated":true}]}}